{"id":31872,"date":"2022-08-22T13:57:51","date_gmt":"2022-08-22T11:57:51","guid":{"rendered":"https:\/\/mguide.eu\/produkt\/intercom-per-la-comunicazione-delle-troupe-cinematografiche-e-di-produzione-freecom-hem-30\/"},"modified":"2022-09-02T11:09:34","modified_gmt":"2022-09-02T09:09:34","slug":"intercom-per-la-comunicazione-delle-troupe-cinematografiche-e-di-produzione-freecom-hem-30","status":"publish","type":"product","link":"https:\/\/mguide.eu\/it\/produkt\/intercom-per-la-comunicazione-delle-troupe-cinematografiche-e-di-produzione-freecom-hem-30\/","title":{"rendered":"Intercom per la comunicazione delle troupe cinematografiche e di produzione FreeCom + HEM-30"},"content":{"rendered":"<p><strong>Composizione del kit:<\/strong><br \/>\n&#8211; Okayo FreeCom intercom senza fili &#8211; 1 pz.<br \/>\n&#8211; cuffia dietro la testa HEM-30 &#8211; 1 pz.<br \/>\n&#8211; batteria ricaricabile Ni-MH AA everActive Silver Line 2000 &#8211; 2 pz.<\/p>\n<p><strong>Nota: questo prodotto non \u00e8 un set di comunicazione completo, ma solo un intercom aggiuntivo con headset!<\/strong><\/p>\n<p><strong>Il periodo di garanzia \u00e8 di 3 anni.<\/strong><br \/>\nOffriamo assistenza tecnica completa, aggiornamenti e manutenzione del sistema anche dopo la scadenza della garanzia.<\/p>\n<p>Okayo FreeCom \u00e8 un moderno sistema interfono a mani libere per la comunicazione bidirezionale full duplex.<br \/>\n\u00c8 progettato per produzioni audiovisive ed eventi dal vivo.<br \/>\nPermette di creare un sistema di comunicazione istantaneo e professionale per le troupe di produzione, i tecnici e le produzioni a\/v.<br \/>\nConsente a un massimo di 6 utenti di parlare contemporaneamente da un gruppo illimitato di dispositivi.<br \/>\nIl sistema opera senza licenza sulla frequenza radio 863 MHz ~ 865 MHz in modulazione digitale 4GFSK, che lo rende immune dalle interferenze di altri sistemi radio nelle vicinanze, ad esempio Wi-Fi, microfoni senza fili e microporte.<br \/>\nFreeCom dispone di 7 canali di comunicazione indipendenti (tutti in grado di operare contemporaneamente nella stessa area) sui quali un numero illimitato di utenti pu\u00f2 ascoltare e partecipare alla conversazione.<\/p>\n<p>Guardate la videorecensione del sistema Okayo FreeCom registrata dal dottor Marcin Zastawnik (specialista in acustica, ProperSound) &#8211; Intercom wireless Okayo FreeCom:<br \/>\n&#8220;Invece, se qualcuno dovesse acquistare, consiglierei senza dubbio l&#8217;acquisto di questo FreeCom, perch\u00e9 \u00e8 semplicemente una soluzione interessante che funziona, che funziona.<br \/>\n\u00c8 piccolo rispetto ad altre soluzioni professionali. Per chi? Una nota positiva per queste produzioni \u00e8 che ora lo streaming e altre cose sono a mio parere molto interessanti, soprattutto perch\u00e9 dobbiamo andare in molti posti con le attrezzature e ora i prezzi di produzione stanno diminuendo.&#8221;<\/p>\n<p style=\"text-align: center;\"><iframe loading=\"lazy\" title=\"Interkomy bezprzewodowe Okayo FreeCom\" width=\"1170\" height=\"658\" src=\"https:\/\/www.youtube.com\/embed\/AnLdZNaQENM?feature=oembed\" frameborder=\"0\" allow=\"accelerometer; autoplay; clipboard-write; encrypted-media; gyroscope; picture-in-picture\" allowfullscreen><\/iframe><\/p>\n<p><strong>FreeCom \u00e8 un sistema digitale bidirezionale con un&#8217;ampia gamma di applicazioni che si basa su quattro principi fondamentali:<\/strong><br \/>\n<strong>Elasticit\u00e0<\/strong> &#8211; ogni intercom pu\u00f2 essere impostato come master, sub-master o unit\u00e0 di gruppo di solo ascolto (Listen).<br \/>\n<strong>Controllo<\/strong> &#8211; funzione prioritaria dell&#8217;unit\u00e0 Master rispetto alle altre per portare ordine nella squadra.<br \/>\n<strong>Sicurezza<\/strong> &#8211; crittografia digitale dell&#8217;accesso al canale. Per le trasmissioni private, il gruppo chiuso pu\u00f2 essere criptato per evitare che persone indesiderate possano origliare le conversazioni.<br \/>\n<strong>Senza fili<\/strong> &#8211; senza stazione base, il sistema pu\u00f2 essere utilizzato sia in ambienti interni che esterni.<\/p>\n<p><strong>Caratteristiche di Okayo FreeCom:<\/strong><br \/>\n&#8211; Modulazione di trasmissione digitale 4GFSK con tecnologia di riduzione del rumore<br \/>\n&#8211; Comunicazione full duplex unidirezionale o bidirezionale<br \/>\n&#8211; Scelta della crittografia dei canali per conversazioni private e sicure<br \/>\n&#8211; Ogni dispositivo pu\u00f2 essere configurato come Master, Sub-Master o Listen.<br \/>\n&#8211; Sincronizzazione dei dispositivi wireless<br \/>\n&#8211; 7 canali per la banda di frequenza 863 ~ 865 MHz<br \/>\n&#8211; Nessuna restrizione sulle dimensioni del gruppo<br \/>\n&#8211; Display OLED retroilluminato ad alto contrasto<br \/>\n&#8211; Sistema completamente wireless senza stazione base o impianto<br \/>\n&#8211; Raggio di azione di oltre 100 metri in assenza di ostacoli<br \/>\n&#8211; Funzionamento per tutto il giorno con un solo set di batterie<br \/>\n&#8211; Tre funzioni del tasto di conversazione &#8211; PTB, PTT, PTM<br \/>\n&#8211; Sensibilit\u00e0 del microfono e potenza RF regolabili<br \/>\n&#8211; Presa per cuffie compatibile con gli apparecchi acustici (HAC)<br \/>\n&#8211; Presa Aux-in aggiuntiva sull&#8217;unit\u00e0<br \/>\n&#8211; Ampia gamma di accessori disponibili<\/p>\n<p><strong>Okayo Electronics Co.<\/strong>, Ltd, produttore con sede a Taiwan, \u00e8 una societ\u00e0 fondata nel 1996 da un gruppo di ingegneri con una grande passione per le comunicazioni wireless.<br \/>\nOkayo produce prodotti affidabili, durevoli e convenienti che aiutano le persone a comunicare tra loro in modo confortevole, basandosi su varie tecnologie e soluzioni wireless: infrarossi, VHF, UHF, 2,4 GHz, UHF digitale e altre.<br \/>\nGrazie al continuo impegno nella ricerca di mercato, nella ricerca tecnologica e nel miglioramento della qualit\u00e0, Okayo sta diventando un fornitore leader di sistemi di guida turistica wireless, sistemi di audioguida, sistemi audio e microfonici wireless.<\/p>\n","protected":false},"excerpt":{"rendered":"<p>Intercom wireless full-duplex per la comunicazione tra membri di troupe cinematografiche, cameraman, produttori di concerti, ad esempio tra regista e cameraman. Intercom singolo.<\/p>\n","protected":false},"featured_media":46315,"template":"","meta":{"_acf_changed":false},"product_brand":[],"product_cat":[5516],"product_tag":[],"class_list":{"0":"post-31872","1":"product","2":"type-product","3":"status-publish","4":"has-post-thumbnail","6":"product_cat-produzione-audio-video","7":"pa_marka-okayo-it","9":"first","10":"instock","11":"taxable","12":"shipping-taxable","13":"purchasable","14":"product-type-simple"},"acf":[],"_links":{"self":[{"href":"https:\/\/mguide.eu\/it\/wp-json\/wp\/v2\/product\/31872","targetHints":{"allow":["GET"]}}],"collection":[{"href":"https:\/\/mguide.eu\/it\/wp-json\/wp\/v2\/product"}],"about":[{"href":"https:\/\/mguide.eu\/it\/wp-json\/wp\/v2\/types\/product"}],"wp:featuredmedia":[{"embeddable":true,"href":"https:\/\/mguide.eu\/it\/wp-json\/wp\/v2\/media\/46315"}],"wp:attachment":[{"href":"https:\/\/mguide.eu\/it\/wp-json\/wp\/v2\/media?parent=31872"}],"wp:term":[{"taxonomy":"product_brand","embeddable":true,"href":"https:\/\/mguide.eu\/it\/wp-json\/wp\/v2\/product_brand?post=31872"},{"taxonomy":"product_cat","embeddable":true,"href":"https:\/\/mguide.eu\/it\/wp-json\/wp\/v2\/product_cat?post=31872"},{"taxonomy":"product_tag","embeddable":true,"href":"https:\/\/mguide.eu\/it\/wp-json\/wp\/v2\/product_tag?post=31872"}],"curies":[{"name":"wp","href":"https:\/\/api.w.org\/{rel}","templated":true}]}}