{"id":35979,"date":"2022-06-14T11:53:35","date_gmt":"2022-06-14T09:53:35","guid":{"rendered":"https:\/\/mguide.eu\/produkt\/sistema-intercom-auricolari-bidirezionale-senza-fili-per-lallenamento-equestre-eqs-3-piu-accessori-2-pezzi\/"},"modified":"2026-02-23T10:59:27","modified_gmt":"2026-02-23T09:59:27","slug":"sistema-intercom-auricolari-bidirezionale-senza-fili-per-lallenamento-equestre-eqs-3-piu-accessori-2-pezzi","status":"publish","type":"product","link":"https:\/\/mguide.eu\/it\/produkt\/sistema-intercom-auricolari-bidirezionale-senza-fili-per-lallenamento-equestre-eqs-3-piu-accessori-2-pezzi\/","title":{"rendered":"Sistema intercom\/auricolari bidirezionale senza fili per l&#8217;allenamento equestre EQS-3 pi\u00f9 accessori &#8211; 2 pezzi"},"content":{"rendered":"<div class=\"wpb-content-wrapper\"><p>[vc_row][vc_column][vc_column_text css=&#8221;&#8221;]I tempi di realizzazione dell\u2019ordine corrispondono a 7-10 giorni feriali.<br \/>\nIl periodo di garanzia \u00e8 di 2 anni.<br \/>\nOffriamo assistenza tecnica completa, aggiornamenti e manutenzione del sistema anche dopo la scadenza del periodo di garanzia.<br \/>\nAttenzione: questo prodotto non \u00e8 un set di comunicazione completo, ma solo un dispositivo intercom aggiuntivo!<\/p>\n<p>L&#8217;Axiwi AT-320 \u00e8 l\u2019intercom per arbitri sportivi pi\u00f9 piccolo e leggero disponibile sul mercato!<br \/>\nL&#8217;unit\u00e0 misura 32 x 65 x 22 mm e pesa solo 39 g con la batteria.<br \/>\nCome allenare in modo efficiente gli adepti dell&#8217;equitazione?<br \/>\nDa oggi potete farlo con il kit AXIWI\u00ae per l&#8217;allenamento e la formazione nel campo degli sport equestri.<br \/>\nSempre pi\u00f9 allenatori e istruttori utilizzano sistemi di comunicazione wireless negli sport equestri per dare suggerimenti e consigli agli allievi.<br \/>\nIl sistema intercom senza fili AXIWI\u00ae per istruttori \u00e8 la soluzione scelta da allenatori e istruttori in tutta Europa<br \/>\nChe cos&#8217;\u00e8 il sistema intercom AXIWI?<br \/>\n\u00c8 un sistema di comunicazione bidirezionale senza fili (intercom equestre) che consente a istruttori e allievi di parlare e ascoltarsi a vicenda, proprio come in una telefonata.<br \/>\nFino a sei persone possono parlare e ascoltare contemporaneamente.<\/p>\n<p>Video recensione di AXIWI di Edward Chitty \u2013 Set di auricolari wireless per l&#8217;addestramento equestre<\/p>\n<blockquote><p>&#8220;Ottimo prodotto per gli allenamenti di equitazione, lo consiglio vivamente. Ha una qualit\u00e0 audio eccellente e la sua leggerezza lo rende facile da usare&#8221;.<\/p><\/blockquote>\n<p style=\"text-align: center;\"><iframe loading=\"lazy\" title=\"YouTube video player\" src=\"https:\/\/www.youtube.com\/embed\/hi0PTAdMuag\" width=\"560\" height=\"315\" frameborder=\"0\" allowfullscreen=\"allowfullscreen\" data-mce-fragment=\"1\"><\/iframe><\/p>\n<blockquote><p>&#8220;Il motivo per cui preferisco il sistema di comunicazione AXIWI \u00e8 che \u00e8 piccolo e leggero. Permette di comunicare in modo efficace; non si deve pi\u00f9 gridare e la voce non si disperde nel vento. Utilizziamo il sistema di comunicazione per il lavoro in maneggio e per le passeggiate. Rende l&#8217;intera esperienza di equitazione pi\u00f9 calma e piacevole&#8221;.<\/p><\/blockquote>\n<p style=\"text-align: right;\">Claire Aitchison &#8211; Addestratrice di cavalli britannica certificata<\/p>\n<p>Il set AXIWI AT-320 comprende:<\/p>\n<ul>\n<li>\n<p data-path-to-node=\"9,0,0\"><b data-path-to-node=\"9,0,0\" data-index-in-node=\"0\">Interfono wireless AT-320<\/b> \u2013 2 pz.<\/p>\n<\/li>\n<li>\n<p data-path-to-node=\"9,1,0\"><b data-path-to-node=\"9,1,0\" data-index-in-node=\"0\">Cordino e clip da cintura per interfono<\/b> \u2013 2 pz.<\/p>\n<\/li>\n<li>\n<p data-path-to-node=\"9,2,0\"><b data-path-to-node=\"9,2,0\" data-index-in-node=\"0\">Cuffia con microfono HE-009<\/b> \u2013 2 pz.<\/p>\n<\/li>\n<li>\n<p data-path-to-node=\"9,3,0\"><b data-path-to-node=\"9,3,0\" data-index-in-node=\"0\">Tracolla AT-320 OSFA (o SP-1)<\/b> \u2013 2 pz.<\/p>\n<\/li>\n<li>\n<p data-path-to-node=\"9,4,0\"><b data-path-to-node=\"9,4,0\" data-index-in-node=\"0\">Caricabatterie di rete SC-100<\/b> \u2013 2 pz.<\/p>\n<\/li>\n<li>\n<p data-path-to-node=\"9,5,0\"><b data-path-to-node=\"9,5,0\" data-index-in-node=\"0\">Cavo USB-C<\/b> \u2013 2 pz.<\/p>\n<\/li>\n<li>\n<p data-path-to-node=\"9,6,0\"><b data-path-to-node=\"9,6,0\" data-index-in-node=\"0\">Custodia\/astuccio per 3 dispositivi<\/b> \u2013 1 pz.<\/p>\n<\/li>\n<\/ul>\n<p>Caratteristiche del sistema AXIWI AT-320<br \/>\n\u2013 sistema completamente wireless senza stazione base e senza installazione<br \/>\n\u2013 comunicazione bidirezionale full duplex per un massimo di 6 persone<br \/>\n\u2013 ricezione audio in tempo reale di alta qualit\u00e0 senza ritardi (latenza &lt; 1 ms)<br \/>\n\u2013 fino a 250 dispositivi per canale possono partecipare a una conversazione in modalit\u00e0 conferenza<br \/>\n\u2013 banda di frequenza radio universale e mondiale &#8211; 2,4 GHz<br \/>\n\u2013 portata di oltre 200 metri in assenza di ostacoli<br \/>\n\u2013 4 canali radio simultanei<br \/>\n\u2013 piccolo e ultra leggero \u2013 32 x 65 x 22 mm \/ 39 g<br \/>\n\u2013 ricarica individuale tramite porta Micro USB o in modalit\u00e0 multipla con un caricabatterie da tavolo dedicato<br \/>\n\u2013 tempo di funzionamento &#8211; 6 ore, tempo di ricarica &#8211; +\/- 2 ore<br \/>\n\u2013 presa jack TRRS da 3,5 mm per auricolari\/microfono[\/vc_column_text][\/vc_column][\/vc_row]<\/p>\n<\/div>","protected":false},"excerpt":{"rendered":"<p>Un set per la comunicazione bidirezionale tra un istruttore di equitazione e un allievo. Il set consente la comunicazione libera tra l&#8217;allenatore e lo studente a una distanza massima di 250 metri. Il design ultraleggero e le dimensioni ridotte non limitano i movimenti durante la pratica dell&#8217;equitazione. \u00c8 possibile acquistare radio aggiuntive per l&#8217;allenamento in gruppi pi\u00f9 grandi.<\/p>\n","protected":false},"featured_media":46018,"template":"","meta":{"_acf_changed":false},"product_brand":[],"product_cat":[5182,6491],"product_tag":[],"class_list":{"0":"post-35979","1":"product","2":"type-product","3":"status-publish","4":"has-post-thumbnail","6":"product_cat-sistemi-intercom-per-lequitazione","7":"product_cat-axiwi-at-320-it","8":"pa_marka-axiwi-it","10":"first","11":"instock","12":"taxable","13":"shipping-taxable","14":"purchasable","15":"product-type-simple"},"acf":[],"_links":{"self":[{"href":"https:\/\/mguide.eu\/it\/wp-json\/wp\/v2\/product\/35979","targetHints":{"allow":["GET"]}}],"collection":[{"href":"https:\/\/mguide.eu\/it\/wp-json\/wp\/v2\/product"}],"about":[{"href":"https:\/\/mguide.eu\/it\/wp-json\/wp\/v2\/types\/product"}],"wp:featuredmedia":[{"embeddable":true,"href":"https:\/\/mguide.eu\/it\/wp-json\/wp\/v2\/media\/46018"}],"wp:attachment":[{"href":"https:\/\/mguide.eu\/it\/wp-json\/wp\/v2\/media?parent=35979"}],"wp:term":[{"taxonomy":"product_brand","embeddable":true,"href":"https:\/\/mguide.eu\/it\/wp-json\/wp\/v2\/product_brand?post=35979"},{"taxonomy":"product_cat","embeddable":true,"href":"https:\/\/mguide.eu\/it\/wp-json\/wp\/v2\/product_cat?post=35979"},{"taxonomy":"product_tag","embeddable":true,"href":"https:\/\/mguide.eu\/it\/wp-json\/wp\/v2\/product_tag?post=35979"}],"curies":[{"name":"wp","href":"https:\/\/api.w.org\/{rel}","templated":true}]}}