{"id":44032,"date":"2024-07-29T13:16:35","date_gmt":"2024-07-29T11:16:35","guid":{"rendered":"https:\/\/mguide.eu\/?post_type=product&#038;p=44032"},"modified":"2026-04-13T10:24:50","modified_gmt":"2026-04-13T08:24:50","slug":"sistema-per-visite-guidate-ricevitore-okayo-wt-350d","status":"publish","type":"product","link":"https:\/\/mguide.eu\/it\/produkt\/sistema-per-visite-guidate-ricevitore-okayo-wt-350d\/","title":{"rendered":"Sistema per visite guidate &#8211; Ricevitore Okayo WT-350D"},"content":{"rendered":"<div class=\"wpb-content-wrapper\"><p>[vc_row][vc_column][vc_column_text css=&#8221;&#8221;]<\/p>\n<p data-start=\"0\" data-end=\"80\">Ricevitore per il sistema tourguide digitale \u2013 Okayo WT-350D City Jungle Edition<\/p>\n<p data-start=\"82\" data-end=\"230\">Il dispositivo \u00e8 dotato di un pulsante PTT (Push-To-Talk) che consente ai partecipanti di porre domande nei momenti opportuni stabiliti dalla guida.<\/p>\n<p data-start=\"232\" data-end=\"407\">Il ricevitore wireless Okayo WT-350D City Jungle, nel colore giallo, si abbina perfettamente al trasmettitore verde discreto, conferendo al sistema uno stile urbano e moderno.<\/p>\n<p data-start=\"409\" data-end=\"700\">Prestando attenzione alle esigenze e aspettative degli utenti, la funzione di cambio canale remoto rende il sistema praticamente privo di operazioni dal lato del ricevitore. Inoltre, se attivata, l\u2019opzione \u201callarme fuori portata\u201d avvisa il partecipante quando si allontana troppo dal gruppo.<\/p>\n<p data-start=\"702\" data-end=\"735\">Caratteristiche di Okayo WT-350D:<\/p>\n<ul data-start=\"737\" data-end=\"1431\">\n<li data-start=\"737\" data-end=\"762\">\n<p data-start=\"739\" data-end=\"762\">trasmissione digitale<\/p>\n<\/li>\n<li data-start=\"763\" data-end=\"776\">\n<p data-start=\"765\" data-end=\"776\">44 canali<\/p>\n<\/li>\n<li data-start=\"777\" data-end=\"833\">\n<p data-start=\"779\" data-end=\"833\">funzione HAC (compatibilit\u00e0 con apparecchi acustici)<\/p>\n<\/li>\n<li data-start=\"834\" data-end=\"916\">\n<p data-start=\"836\" data-end=\"916\">durata della batteria: oltre 15 ore (trasmettitore), oltre 20 ore (ricevitore)<\/p>\n<\/li>\n<li data-start=\"917\" data-end=\"968\">\n<p data-start=\"919\" data-end=\"968\">portata ottimale (fino a 100 m in linea d\u2019aria)<\/p>\n<\/li>\n<li data-start=\"969\" data-end=\"1052\">\n<p data-start=\"971\" data-end=\"1052\">dimensioni compatte (63 x 132 x 70 mm) e peso leggero (circa 65 g con batteria)<\/p>\n<\/li>\n<li data-start=\"1053\" data-end=\"1119\">\n<p data-start=\"1055\" data-end=\"1119\">design moderno con custodia resistente allo sporco e agli urti<\/p>\n<\/li>\n<li data-start=\"1120\" data-end=\"1173\">\n<p data-start=\"1122\" data-end=\"1173\">display con indicatore del livello della batteria<\/p>\n<\/li>\n<li data-start=\"1174\" data-end=\"1232\">\n<p data-start=\"1176\" data-end=\"1232\">microfono integrato nel trasmettitore e nel ricevitore<\/p>\n<\/li>\n<li data-start=\"1233\" data-end=\"1372\">\n<p data-start=\"1235\" data-end=\"1372\">sistema 2 in 1 \u2013 possibilit\u00e0 di attivare\/disattivare la funzione Talk-back (comunicazione bidirezionale) direttamente dal trasmettitore<\/p>\n<\/li>\n<li data-start=\"1373\" data-end=\"1431\">\n<p data-start=\"1375\" data-end=\"1431\">alimentazione con 1 batteria AA o 1 accumulatore Ni-MH<\/p>\n<\/li>\n<\/ul>\n<p data-start=\"1433\" data-end=\"1540\"><span style=\"color: #800000;\">Il modello Okayo WT-350D City Jungle Edition non \u00e8 compatibile con il modello analogico Okayo WT-350.<\/span><\/p>\n<p data-start=\"1542\" data-end=\"1555\">Applicazione:<\/p>\n<p data-start=\"1557\" data-end=\"1719\" data-is-last-node=\"\" data-is-only-node=\"\">Il sistema tourguide digitale Okayo WT-350D \u00e8 stato progettato per il settore turistico, dove semplicit\u00e0 d\u2019uso e qualit\u00e0 audio elevata sono elementi fondamentali.<\/p>\n<p>[\/vc_column_text][\/vc_column][\/vc_row]<\/p>\n<\/div>","protected":false},"excerpt":{"rendered":"<p>Ricevitore per il sistema radiomicrofonico tourguide Okayo WT-350D. Erede digitale del modello analogico WT-350 con funzioni aggiuntive gratuite. L&#8217;unit\u00e0 \u00e8 dotata di un display chiaro e di indicazioni a LED. Grazie alla sua leggerezza e alla lunga durata della batteria, \u00e8 ideale per l&#8217;uso in contesti come, ad esempio, l\u2019accompagnamento di turisti.<\/p>\n","protected":false},"featured_media":48573,"template":"","meta":{"_acf_changed":false},"product_brand":[],"product_cat":[1023],"product_tag":[],"class_list":{"0":"post-44032","1":"product","2":"type-product","3":"status-publish","4":"has-post-thumbnail","6":"product_cat-trasmettitori-e-ricevitori","8":"first","9":"instock","10":"taxable","11":"shipping-taxable","12":"purchasable","13":"product-type-simple"},"acf":[],"_links":{"self":[{"href":"https:\/\/mguide.eu\/it\/wp-json\/wp\/v2\/product\/44032","targetHints":{"allow":["GET"]}}],"collection":[{"href":"https:\/\/mguide.eu\/it\/wp-json\/wp\/v2\/product"}],"about":[{"href":"https:\/\/mguide.eu\/it\/wp-json\/wp\/v2\/types\/product"}],"wp:featuredmedia":[{"embeddable":true,"href":"https:\/\/mguide.eu\/it\/wp-json\/wp\/v2\/media\/48573"}],"wp:attachment":[{"href":"https:\/\/mguide.eu\/it\/wp-json\/wp\/v2\/media?parent=44032"}],"wp:term":[{"taxonomy":"product_brand","embeddable":true,"href":"https:\/\/mguide.eu\/it\/wp-json\/wp\/v2\/product_brand?post=44032"},{"taxonomy":"product_cat","embeddable":true,"href":"https:\/\/mguide.eu\/it\/wp-json\/wp\/v2\/product_cat?post=44032"},{"taxonomy":"product_tag","embeddable":true,"href":"https:\/\/mguide.eu\/it\/wp-json\/wp\/v2\/product_tag?post=44032"}],"curies":[{"name":"wp","href":"https:\/\/api.w.org\/{rel}","templated":true}]}}