{"id":44298,"date":"2024-08-07T13:22:58","date_gmt":"2024-08-07T11:22:58","guid":{"rendered":"https:\/\/mguide.eu\/?post_type=product&#038;p=44298"},"modified":"2024-09-11T12:44:23","modified_gmt":"2024-09-11T10:44:23","slug":"sistema-completo-per-visite-guidate-okayo-wt-350d-m-502","status":"publish","type":"product","link":"https:\/\/mguide.eu\/it\/produkt\/sistema-completo-per-visite-guidate-okayo-wt-350d-m-502\/","title":{"rendered":"Sistema completo per visite guidate &#8211; Okayo WT-350D | M (50+2)"},"content":{"rendered":"<p>Il set comprende:<\/p>\n<ul>\n<li>50 ricevitori Okayo WT-350D R City Jungle Edition<\/li>\n<li>2 trasmettitori Okayo WT-350D T City Jungle Edition<\/li>\n<li>50 auricolari della serie SH*<\/li>\n<li>2 headset EMC-100<\/li>\n<li>50 ganci per il sistema di cordini igienici<\/li>\n<li>50 cordini igienici (passanti)<\/li>\n<li>2 borse da trasporto TBX-2<\/li>\n<\/ul>\n<p>* La selezione di un modello specifico dipende dalla disponibilit\u00e0 di magazzino.<\/p>\n<p><strong>Ricevitore Okayo WT-350D R City Jungle Edition<\/strong><\/p>\n<p>Il ricevitore digitale per il sistema radiomicrofonico tourguide Okayo WT-350D City Jungle Edition \u00e8 un dispositivo all&#8217;avanguardia che porta l&#8217;esperienza della visita a un livello superiore. Dotato di un pulsante PTT (Push-To-Talk), consente ai partecipanti di porre domande al momento indicato dalla guida turistica. Grazie alla funzione di cambio canale a distanza, il sistema non richiede quasi nessun intervento da parte dell\u2019utente, garantendo visite senza problemi. Inoltre, un innovativo &#8220;allarme di perdita di campo&#8221; assicura che ogni partecipante rimanga vicino al gruppo, per una maggiore sicurezza e comfort durante il tour.<br \/>\nIl ricevitore per la comunicazione wireless Okayo WT-350D City Jungle, di colore giallo, si integra perfettamente con il trasmettitore verde, conferendo al sistema un tocco di design cittadino e sofisticato.<br \/>\nIl set comprende 50 ricevitori di 63 x 132 x 70 mm. Un&#8217;unit\u00e0 pesa circa 65 g, batteria inclusa.<\/p>\n<p><strong>Trasmettitore Okayo WT-350D T City Jungle Edition<\/strong><\/p>\n<p>Il trasmettitore per il sistema radiomicrofonico digitale Okayo WT-350D City Jungle Edition \u00e8 la soluzione ideale per chi apprezza la tecnologia moderna e l&#8217;eccellente qualit\u00e0 del suono. Il dispositivo \u00e8 dotato di un display di facile lettura, di LED intuitivi e di un microfono integrato per garantire comodit\u00e0 e affidabilit\u00e0. Per sfruttare appieno le sue capacit\u00e0 e ottenere la massima qualit\u00e0 del suono, si consiglia di collegare un headset esterno.<br \/>\nIl trasmettitore Okayo WT-350D City Jungle Edition in un elegante verde tenue, abbinato al ricevitore giallo, crea un design unico di ispirazione urbana che riflette perfettamente il suo carattere cittadino.<br \/>\nIl set comprende 2 trasmettitori di 63 x 132 x 70 mm. Un dispositivo pesa circa 65 g, batteria inclusa.<\/p>\n<p><strong>Auricolari della serie SH<\/strong><\/p>\n<p>Gli auricolari SH riutilizzabili per 1 orecchio sono dotati di un leggero pendente auricolare che consente all&#8217;auricolare di adattarsi perfettamente all&#8217;orecchio dell&#8217;utente. La selezione del modello specifico di auricolare dipende dalla disponibilit\u00e0 di magazzino.<\/p>\n<p><strong>Headset EMC-100<\/strong><\/p>\n<p>Il kit viene fornito con 2 headset di tipo EMC-100, costituiti da un microfono per cravatta con clip per indumenti e un auricolare interno su attacco in plastica. \u00c8 caratterizzato da dimensioni e peso ridotti, non percepibili dall&#8217;utente. L&#8217;auricolare interno con cappuccio in gomma sostituibile garantisce una ricezione stabile della trasmissione.<\/p>\n<p><strong>Sistema di cordini igienici (passante + clip)<\/strong><\/p>\n<p>Il set M contiene 50 cordini igienici con ganci. Il sistema dei cordini igienici \u00e8 composto da un passante intercambiabile in cotone e da una clip staccabile con moschettone. Il cordino pu\u00f2 essere facilmente staccato e sostituito con uno pulito, precedentemente inutilizzato. Questo aspetto \u00e8 particolarmente importante per gli escursionisti che tengono all&#8217;igiene e al comfort durante le loro visite.<\/p>\n<p><strong>Borsa da trasporto TBX-2<\/strong><\/p>\n<p>La borsa da trasporto TBX-2 \u00e8 stata progettata appositamente per le guide turistiche cittadine e museali. La borsa pu\u00f2 contenere l&#8217;intero set M (50 ricevitori e 2 trasmettitori).<br \/>\nDotata di una tracolla staccabile e di spallacci retrattili che consentono di indossarla come uno zaino, offre una completa libert\u00e0 di utilizzo. Inoltre, due maniglie &#8211; doppia orizzontale e verticale &#8211; assicurano un trasporto confortevole in qualsiasi situazione.<br \/>\nLe tre tasche esterne con cerniera lampo consentono un facile accesso agli accessori: le due pi\u00f9 piccole, situate nella parte anteriore, sono ideali per i piccoli oggetti, mentre la tasca posteriore pi\u00f9 grande \u00e8 ideale per i documenti o gli accessori pi\u00f9 grandi. All&#8217;interno dello scomparto principale si trova un&#8217;ulteriore tasca sicura con chiusura lampo.<br \/>\nDimensioni della borsa: 330 x 445 x 75 mm.<\/p>\n","protected":false},"excerpt":{"rendered":"<p>Set radiomicrofonico tourguide basato sul sistema Okayo WT-350D per un tour di 50 persone. L&#8217;Okayo WT-350D City Jungle Edition \u00e8 il primo modello 2-in-1 che, con un solo interruttore, pu\u00f2 funzionare come sistema unidirezionale o duplex, consentendo ai partecipanti alla gita di porre domande.<\/p>\n<p>&nbsp;<\/p>\n<p><a href=\"https:\/\/mguide.eu\/wp-content\/uploads\/2024\/08\/IT-Baner-Nano-Blitz.png\"><img loading=\"lazy\" decoding=\"async\" class=\"alignnone size-full wp-image-45247\" src=\"https:\/\/mguide.eu\/wp-content\/uploads\/2024\/08\/IT-Baner-Nano-Blitz.png\" alt=\"\" width=\"630\" height=\"120\" srcset=\"https:\/\/i0.wp.com\/mguide.eu\/wp-content\/uploads\/2024\/08\/IT-Baner-Nano-Blitz.png?w=630&amp;ssl=1 630w, https:\/\/i0.wp.com\/mguide.eu\/wp-content\/uploads\/2024\/08\/IT-Baner-Nano-Blitz.png?resize=600%2C114&amp;ssl=1 600w\" sizes=\"auto, (max-width: 630px) 100vw, 630px\" \/><\/a><\/p>\n","protected":false},"featured_media":45526,"template":"","meta":{"_acf_changed":false},"product_brand":[],"product_cat":[1035],"product_tag":[],"class_list":{"0":"post-44298","1":"product","2":"type-product","3":"status-publish","4":"has-post-thumbnail","6":"product_cat-kit-tour-guide","8":"first","9":"instock","10":"taxable","11":"shipping-taxable","12":"purchasable","13":"product-type-simple"},"acf":[],"_links":{"self":[{"href":"https:\/\/mguide.eu\/it\/wp-json\/wp\/v2\/product\/44298","targetHints":{"allow":["GET"]}}],"collection":[{"href":"https:\/\/mguide.eu\/it\/wp-json\/wp\/v2\/product"}],"about":[{"href":"https:\/\/mguide.eu\/it\/wp-json\/wp\/v2\/types\/product"}],"wp:featuredmedia":[{"embeddable":true,"href":"https:\/\/mguide.eu\/it\/wp-json\/wp\/v2\/media\/45526"}],"wp:attachment":[{"href":"https:\/\/mguide.eu\/it\/wp-json\/wp\/v2\/media?parent=44298"}],"wp:term":[{"taxonomy":"product_brand","embeddable":true,"href":"https:\/\/mguide.eu\/it\/wp-json\/wp\/v2\/product_brand?post=44298"},{"taxonomy":"product_cat","embeddable":true,"href":"https:\/\/mguide.eu\/it\/wp-json\/wp\/v2\/product_cat?post=44298"},{"taxonomy":"product_tag","embeddable":true,"href":"https:\/\/mguide.eu\/it\/wp-json\/wp\/v2\/product_tag?post=44298"}],"curies":[{"name":"wp","href":"https:\/\/api.w.org\/{rel}","templated":true}]}}