{"id":50444,"date":"2025-03-05T12:25:20","date_gmt":"2025-03-05T11:25:20","guid":{"rendered":"https:\/\/mguide.eu\/?post_type=product&#038;p=50444"},"modified":"2025-03-11T14:38:04","modified_gmt":"2025-03-11T13:38:04","slug":"sistema-per-visite-guidate-trasmettitore-okayo-earme-fit","status":"publish","type":"product","link":"https:\/\/mguide.eu\/it\/produkt\/sistema-per-visite-guidate-trasmettitore-okayo-earme-fit\/","title":{"rendered":"Sistema per visite guidate &#8211; Trasmettitore Okayo EarME FIT"},"content":{"rendered":"<p>Il trasmettitore del sistema Okayo EarME FIT \u00e8 progettato per fornire comunicazioni nitide ed efficaci durante tour, presentazioni e altri eventi che richiedono un trasferimento efficiente delle informazioni.<\/p>\n<ul>\n<li><strong>Gestione efficiente dei gruppi:<\/strong> il trasmettitore consente di raggruppare in modo rapido e intuitivo i ricevitori, aggiungere partecipanti e cambiare canale da remoto, mentre le funzioni di salvataggio delle impostazioni, spegnimento automatico e spegnimento semplice del gruppo migliorano notevolmente la gestione del sistema.<\/li>\n<li><strong>Funzionalit\u00e0:<\/strong> l&#8217;ingresso Aux-in sul trasmettitore consente di collegare sorgenti audio esterne come lettori MP3, smartphone o altri dispositivi audio. Questa funzione amplia notevolmente le possibilit\u00e0 di impiego del trasmettitore, consentendo l&#8217;integrazione con diverse sorgenti sonore e adattando il sistema alle esigenze individuali dell&#8217;utente.<\/li>\n<li><strong>Utilizzo intuitivo:<\/strong> il design ergonomico e i due pulsanti chiaramente contrassegnati garantiscono un utilizzo semplice e intuitivo.<\/li>\n<li><strong>Alimentazione e ricarica:<\/strong> la batteria al litio integrata garantisce il funzionamento a lungo termine del trasmettitore. Sono disponibili caricabatterie con 12 e 24 slot, che consentono la ricarica rapida ed efficiente di pi\u00f9 dispositivi contemporaneamente.<\/li>\n<li><strong>Mobilit\u00e0 e praticit\u00e0:<\/strong> le borse per il trasporto compatibili facilitano il trasporto del set in modo sicuro e pratico.<\/li>\n<li><strong>Caratteristiche aggiuntive:<\/strong> la funzione mute consente pause discrete durante la trasmissione. Il sistema ricorda le impostazioni preferite e offre una funzione di spegnimento automatico, aumentando il comfort dell&#8217;utente.<\/li>\n<\/ul>\n<p>Okayo EarME Fit \u00e8 la soluzione perfetta per guide turistiche, musei, fabbriche, centri congressi e qualsiasi altro luogo in cui una comunicazione chiara e affidabile \u00e8 fondamentale. Grazie alla sua versatilit\u00e0, funzionalit\u00e0 e funzionamento intuitivo, il trasmettitore Okayo EarME FIT garantisce una comunicazione professionale ed efficace in ogni situazione.<\/p>\n<p><strong>Caricabatterie:<\/strong><\/p>\n<ul>\n<li><a href=\"https:\/\/mguide.eu\/it\/produkt\/caricatore-okayo-c111\/\"><strong>Okayo C111<\/strong><\/a> &#8211; Caricabatterie Drop-in per 11 ricevitori Okayo EarME FIT e 1 trasmettitore<\/li>\n<li><strong><a href=\"https:\/\/mguide.eu\/it\/produkt\/caricatore-okayo-c222\/\">Okayo C222<\/a> <\/strong>&#8211; Caricabatterie Drop-in per 22 ricevitori Okayo EarME FIT e 2 trasmettitori<\/li>\n<li><strong><a href=\"https:\/\/mguide.eu\/it\/produkt\/borsa-caricabatterie-okayo-chg-111\/\">Okayo CHG-111<\/a><\/strong> &#8211; Custodia di ricarica drop-in per 11 ricevitori Okayo EarME FIT e 1 trasmettitore<\/li>\n<li><a href=\"https:\/\/mguide.eu\/it\/produkt\/borsa-caricabatterie-okayo-chg-222\/\"><strong>Okayo CHG-222<\/strong> <\/a>&#8211; Custodia di ricarica drop-in per 22 ricevitori Okayo EarME FIT e 2 trasmettitori<\/li>\n<\/ul>\n","protected":false},"excerpt":{"rendered":"<p>Il trasmettitore del sistema di guida turistica Okayo EarME FIT, ideale tra l&#8217;altro per le comunicazioni professionali. durante i viaggi turistici. Grazie al funzionamento intuitivo, all&#8217;efficace gestione dei gruppi e alla possibilit\u00e0 di collegare sorgenti sonore esterne, garantisce una trasmissione chiara e affidabile in ogni situazione.<\/p>\n","protected":false},"featured_media":50452,"template":"","meta":{"_acf_changed":false},"product_brand":[],"product_cat":[1023],"product_tag":[],"class_list":{"0":"post-50444","1":"product","2":"type-product","3":"status-publish","4":"has-post-thumbnail","6":"product_cat-trasmettitori-e-ricevitori","7":"pa_marka-okayo-it","9":"first","10":"instock","11":"taxable","12":"shipping-taxable","13":"purchasable","14":"product-type-simple"},"acf":[],"_links":{"self":[{"href":"https:\/\/mguide.eu\/it\/wp-json\/wp\/v2\/product\/50444","targetHints":{"allow":["GET"]}}],"collection":[{"href":"https:\/\/mguide.eu\/it\/wp-json\/wp\/v2\/product"}],"about":[{"href":"https:\/\/mguide.eu\/it\/wp-json\/wp\/v2\/types\/product"}],"wp:featuredmedia":[{"embeddable":true,"href":"https:\/\/mguide.eu\/it\/wp-json\/wp\/v2\/media\/50452"}],"wp:attachment":[{"href":"https:\/\/mguide.eu\/it\/wp-json\/wp\/v2\/media?parent=50444"}],"wp:term":[{"taxonomy":"product_brand","embeddable":true,"href":"https:\/\/mguide.eu\/it\/wp-json\/wp\/v2\/product_brand?post=50444"},{"taxonomy":"product_cat","embeddable":true,"href":"https:\/\/mguide.eu\/it\/wp-json\/wp\/v2\/product_cat?post=50444"},{"taxonomy":"product_tag","embeddable":true,"href":"https:\/\/mguide.eu\/it\/wp-json\/wp\/v2\/product_tag?post=50444"}],"curies":[{"name":"wp","href":"https:\/\/api.w.org\/{rel}","templated":true}]}}